{"id":1484,"date":"2025-08-02T22:20:32","date_gmt":"2025-08-02T22:20:32","guid":{"rendered":"https:\/\/testp.kanzuna.fr\/?post_type=product&#038;p=1484"},"modified":"2025-08-14T23:19:18","modified_gmt":"2025-08-14T23:19:18","slug":"poinconnage-ete","status":"publish","type":"product","link":"https:\/\/testp.kanzuna.fr\/en\/product\/poinconnage-ete\/","title":{"rendered":"Poin\u00e7onnage \u00c9T\u00c9"},"content":{"rendered":"<h3 data-start=\"244\" data-end=\"295\">\ud83c\udf1e <strong data-start=\"251\" data-end=\"295\">Activit\u00e9 de poin\u00e7onnage \u2013 Th\u00e8me de l&rsquo;\u00e9t\u00e9<\/strong><\/h3>\n<p data-start=\"297\" data-end=\"385\"><strong data-start=\"297\" data-end=\"385\">Un kit ludique pour d\u00e9velopper la motricit\u00e9 fine et plonger dans l&rsquo;univers estival !<\/strong><\/p>\n<hr data-start=\"387\" data-end=\"390\" \/>\n<h3 data-start=\"392\" data-end=\"429\">\u2705 <strong data-start=\"398\" data-end=\"429\">Contenu du kit \u00e0 imprimer :<\/strong><\/h3>\n<p data-start=\"431\" data-end=\"595\">12 fiches illustr\u00e9es en <strong data-start=\"455\" data-end=\"472\">noir et blanc<\/strong>, avec des <strong data-start=\"483\" data-end=\"514\">dessins en pointill\u00e9s ronds<\/strong> (non pointill\u00e9s lin\u00e9aires) pour une activit\u00e9 de poin\u00e7onnage r\u00e9aliste et \u00e9pur\u00e9e :<\/p>\n<ol data-start=\"597\" data-end=\"913\">\n<li data-start=\"597\" data-end=\"623\">\n<p data-start=\"600\" data-end=\"623\">\ud83c\udf66 Glace sur b\u00e2tonnet<\/p>\n<\/li>\n<li data-start=\"624\" data-end=\"647\">\n<p data-start=\"627\" data-end=\"647\">\ud83c\udf68 Glace en cornet<\/p>\n<\/li>\n<li data-start=\"648\" data-end=\"696\">\n<p data-start=\"651\" data-end=\"696\">\ud83d\udc1a Coquillage (type coquille Saint-Jacques)<\/p>\n<\/li>\n<li data-start=\"697\" data-end=\"739\">\n<p data-start=\"700\" data-end=\"739\">\ud83d\udc1a Coquillage spiral\u00e9 (type escargot)<\/p>\n<\/li>\n<li data-start=\"740\" data-end=\"764\">\n<p data-start=\"743\" data-end=\"764\">\ud83c\udff0 Ch\u00e2teau de sable<\/p>\n<\/li>\n<li data-start=\"765\" data-end=\"798\">\n<p data-start=\"768\" data-end=\"798\">\ud83c\udf79 Jus d\u2019orange avec gla\u00e7ons<\/p>\n<\/li>\n<li data-start=\"799\" data-end=\"814\">\n<p data-start=\"802\" data-end=\"814\">\u26f1\ufe0f Parasol<\/p>\n<\/li>\n<li data-start=\"815\" data-end=\"837\">\n<p data-start=\"818\" data-end=\"837\">\u26bd Ballon de plage<\/p>\n<\/li>\n<li data-start=\"838\" data-end=\"858\">\n<p data-start=\"841\" data-end=\"858\">\u26f5 Petit voilier<\/p>\n<\/li>\n<li data-start=\"859\" data-end=\"874\">\n<p data-start=\"863\" data-end=\"874\">\ud83c\udf1e Soleil<\/p>\n<\/li>\n<li data-start=\"875\" data-end=\"889\">\n<p data-start=\"879\" data-end=\"889\">\ud83e\udd80 Crabe<\/p>\n<\/li>\n<li data-start=\"890\" data-end=\"913\">\n<p data-start=\"894\" data-end=\"913\">\ud83c\udf49 Part de past\u00e8que<\/p>\n<\/li>\n<\/ol>\n<hr data-start=\"915\" data-end=\"918\" \/>\n<h3 data-start=\"920\" data-end=\"955\">\ud83c\udfaf <strong data-start=\"927\" data-end=\"955\">Objectifs p\u00e9dagogiques :<\/strong><\/h3>\n<ul data-start=\"957\" data-end=\"1252\">\n<li data-start=\"957\" data-end=\"1018\">\n<p data-start=\"959\" data-end=\"1018\">D\u00e9velopper la <strong data-start=\"973\" data-end=\"991\">motricit\u00e9 fine<\/strong> et la pr\u00e9cision du geste<\/p>\n<\/li>\n<li data-start=\"1019\" data-end=\"1068\">\n<p data-start=\"1021\" data-end=\"1068\">Favoriser la <strong data-start=\"1034\" data-end=\"1051\">concentration<\/strong> et l\u2019autonomie<\/p>\n<\/li>\n<li data-start=\"1069\" data-end=\"1107\">\n<p data-start=\"1071\" data-end=\"1107\">Renforcer la coordination \u0153il-main<\/p>\n<\/li>\n<li data-start=\"1108\" data-end=\"1189\">\n<p data-start=\"1110\" data-end=\"1189\">Pr\u00e9parer \u00e0 l\u2019apprentissage de l\u2019\u00e9criture par une activit\u00e9 graphique indirecte<\/p>\n<\/li>\n<li data-start=\"1190\" data-end=\"1252\">\n<p data-start=\"1192\" data-end=\"1252\">D\u00e9couvrir et nommer des <strong data-start=\"1216\" data-end=\"1252\">\u00e9l\u00e9ments du vocabulaire de l\u2019\u00e9t\u00e9<\/strong><\/p>\n<\/li>\n<\/ul>\n<hr data-start=\"1254\" data-end=\"1257\" \/>\n<h3 data-start=\"1259\" data-end=\"1292\">\ud83d\udca1 <strong data-start=\"1266\" data-end=\"1292\">Utilisation sugg\u00e9r\u00e9e :<\/strong><\/h3>\n<ol data-start=\"1294\" data-end=\"1612\">\n<li data-start=\"1294\" data-end=\"1358\">\n<p data-start=\"1297\" data-end=\"1358\"><strong data-start=\"1297\" data-end=\"1309\">Imprimer<\/strong> les fiches sur papier \u00e9pais ou les plastifier.<\/p>\n<\/li>\n<li data-start=\"1359\" data-end=\"1430\">\n<p data-start=\"1362\" data-end=\"1430\">Proposer \u00e0 l\u2019enfant un poin\u00e7on et un tapis de feutrine en dessous.<\/p>\n<\/li>\n<li data-start=\"1431\" data-end=\"1505\">\n<p data-start=\"1434\" data-end=\"1505\">Laisser l\u2019enfant <strong data-start=\"1451\" data-end=\"1474\">suivre les contours<\/strong> en poin\u00e7onnant chaque point.<\/p>\n<\/li>\n<li data-start=\"1506\" data-end=\"1612\">\n<p data-start=\"1509\" data-end=\"1612\">Possibilit\u00e9 de d\u00e9couper ensuite la forme et de cr\u00e9er une <strong data-start=\"1566\" data-end=\"1585\">guirlande d&rsquo;\u00e9t\u00e9<\/strong>, une fresque ou un carnet.<\/p>\n<\/li>\n<\/ol>\n<hr data-start=\"1614\" data-end=\"1617\" \/>\n<h3 data-start=\"1619\" data-end=\"1648\">\ud83d\udc76 <strong data-start=\"1626\" data-end=\"1646\">\u00c2ge recommand\u00e9 :<\/strong><\/h3>\n<p data-start=\"1649\" data-end=\"1782\">\u00c0 partir de <strong data-start=\"1661\" data-end=\"1670\">3 ans<\/strong>, avec surveillance (utilisation d\u2019un poin\u00e7on), jusqu\u2019\u00e0 6-7 ans pour les enfants aimant les activit\u00e9s manuelles.<\/p>\n<hr data-start=\"1784\" data-end=\"1787\" \/>\n<h3 data-start=\"1789\" data-end=\"1810\">\ud83e\udde9 <strong data-start=\"1796\" data-end=\"1808\">Format :<\/strong><\/h3>\n<p data-start=\"1811\" data-end=\"1887\">PDF haute qualit\u00e9 \u2013 \u00e0 imprimer au format A4<br data-start=\"1854\" data-end=\"1857\" \/>Dessins en noir sur fond blanc<\/p>","protected":false},"excerpt":{"rendered":"<p>Un kit de 12 petites fiches \u00e0 poin\u00e7onner sur le th\u00e8me de l\u2019\u00e9t\u00e9 : glace, past\u00e8que, soleil, ch\u00e2teau de sable, crabe, etc. Parfait pour d\u00e9velopper la motricit\u00e9 fine, enrichir le vocabulaire estival et occuper les enfants de mani\u00e8re ludique et p\u00e9dagogique !<\/p>","protected":false},"featured_media":1665,"comment_status":"closed","ping_status":"closed","template":"","meta":{"_gspb_post_css":""},"product_brand":[],"product_cat":[32],"product_tag":[149,148,150,147,146],"class_list":{"0":"post-1484","1":"product","2":"type-product","3":"status-publish","4":"has-post-thumbnail","6":"product_cat-writing","7":"product_tag-activite-a-imprimer","8":"product_tag-activite-ete","9":"product_tag-jeu-calme","10":"product_tag-motricite-fine","11":"product_tag-poinconnage","13":"first","14":"instock","15":"downloadable","16":"virtual","17":"sold-individually","18":"taxable","19":"purchasable","20":"product-type-simple"},"_links":{"self":[{"href":"https:\/\/testp.kanzuna.fr\/en\/wp-json\/wp\/v2\/product\/1484","targetHints":{"allow":["GET"]}}],"collection":[{"href":"https:\/\/testp.kanzuna.fr\/en\/wp-json\/wp\/v2\/product"}],"about":[{"href":"https:\/\/testp.kanzuna.fr\/en\/wp-json\/wp\/v2\/types\/product"}],"replies":[{"embeddable":true,"href":"https:\/\/testp.kanzuna.fr\/en\/wp-json\/wp\/v2\/comments?post=1484"}],"wp:featuredmedia":[{"embeddable":true,"href":"https:\/\/testp.kanzuna.fr\/en\/wp-json\/wp\/v2\/media\/1665"}],"wp:attachment":[{"href":"https:\/\/testp.kanzuna.fr\/en\/wp-json\/wp\/v2\/media?parent=1484"}],"wp:term":[{"taxonomy":"product_brand","embeddable":true,"href":"https:\/\/testp.kanzuna.fr\/en\/wp-json\/wp\/v2\/product_brand?post=1484"},{"taxonomy":"product_cat","embeddable":true,"href":"https:\/\/testp.kanzuna.fr\/en\/wp-json\/wp\/v2\/product_cat?post=1484"},{"taxonomy":"product_tag","embeddable":true,"href":"https:\/\/testp.kanzuna.fr\/en\/wp-json\/wp\/v2\/product_tag?post=1484"}],"curies":[{"name":"wp","href":"https:\/\/api.w.org\/{rel}","templated":true}]}}