{"id":1856,"date":"2025-11-22T17:17:09","date_gmt":"2025-11-22T17:17:09","guid":{"rendered":"https:\/\/testp.kanzuna.fr\/?post_type=product&#038;p=1856"},"modified":"2025-11-22T17:33:08","modified_gmt":"2025-11-22T17:33:08","slug":"trace-des-lettres-arabes","status":"publish","type":"product","link":"https:\/\/testp.kanzuna.fr\/en\/product\/trace-des-lettres-arabes\/","title":{"rendered":"Trac\u00e9 des lettres arabes"},"content":{"rendered":"<p>Support utile pour beaucoup d&rsquo;activit\u00e9es vari\u00e9es autour du trac\u00e9 des lettres.<\/p>","protected":false},"excerpt":{"rendered":"<p>Cartes de l&rsquo;alphabet arabe pour apprendre le trac\u00e9 des lettres.<\/p>","protected":false},"featured_media":1857,"comment_status":"closed","ping_status":"closed","template":"","meta":{"_gspb_post_css":""},"product_brand":[],"product_cat":[32],"product_tag":[189,188],"class_list":{"0":"post-1856","1":"product","2":"type-product","3":"status-publish","4":"has-post-thumbnail","6":"product_cat-writing","7":"product_tag-pate-a-modeler","8":"product_tag-tracer","10":"first","11":"instock","12":"downloadable","13":"virtual","14":"sold-individually","15":"taxable","16":"purchasable","17":"product-type-simple"},"_links":{"self":[{"href":"https:\/\/testp.kanzuna.fr\/en\/wp-json\/wp\/v2\/product\/1856","targetHints":{"allow":["GET"]}}],"collection":[{"href":"https:\/\/testp.kanzuna.fr\/en\/wp-json\/wp\/v2\/product"}],"about":[{"href":"https:\/\/testp.kanzuna.fr\/en\/wp-json\/wp\/v2\/types\/product"}],"replies":[{"embeddable":true,"href":"https:\/\/testp.kanzuna.fr\/en\/wp-json\/wp\/v2\/comments?post=1856"}],"wp:featuredmedia":[{"embeddable":true,"href":"https:\/\/testp.kanzuna.fr\/en\/wp-json\/wp\/v2\/media\/1857"}],"wp:attachment":[{"href":"https:\/\/testp.kanzuna.fr\/en\/wp-json\/wp\/v2\/media?parent=1856"}],"wp:term":[{"taxonomy":"product_brand","embeddable":true,"href":"https:\/\/testp.kanzuna.fr\/en\/wp-json\/wp\/v2\/product_brand?post=1856"},{"taxonomy":"product_cat","embeddable":true,"href":"https:\/\/testp.kanzuna.fr\/en\/wp-json\/wp\/v2\/product_cat?post=1856"},{"taxonomy":"product_tag","embeddable":true,"href":"https:\/\/testp.kanzuna.fr\/en\/wp-json\/wp\/v2\/product_tag?post=1856"}],"curies":[{"name":"wp","href":"https:\/\/api.w.org\/{rel}","templated":true}]}}